{"id":152,"date":"2020-11-12T13:36:36","date_gmt":"2020-11-12T13:36:36","guid":{"rendered":"https:\/\/www.suganorm24.info\/?page_id=152"},"modified":"2020-12-04T14:22:13","modified_gmt":"2020-12-04T14:22:13","slug":"come-potete-promuovere-la-vostra-salute-con-suganorm","status":"publish","type":"page","link":"https:\/\/www.suganorm24.info\/it\/","title":{"rendered":"Come potete promuovere la vostra salute con SugaNorm?"},"content":{"rendered":"\n<p>L&#8217;uso di preparati omeopatici, tra cui il SugaNorm, sta diventando sempre pi\u00f9 popolare. Questo non \u00e8 sorprendente, perch\u00e9 <strong>fare completamente senza chimica<\/strong> e ottenere comunque un effetto misurabile. Molti di questi preparati sono liberamente disponibili per la vendita perch\u00e9 appartengono al gruppo degli integratori alimentari. Alleviano molti disturbi in modo del tutto naturale e riducono la necessit\u00e0 della medicina convenzionale. Questo significa che sono un <strong>utile supplemento alla medicazione classica<\/strong>, che \u00e8 stato dimostrato anche dalle precedenti esperienze di SugaNorm.<\/p>\n\n\n\n<p>Clicca sul link per avere maggiori informazioni: <strong><a rel=\"noreferrer noopener\" href=\"https:\/\/www.suganormofficial.info\/\" target=\"_blank\">www.suganormofficial.info<\/a><\/strong><\/p>\n\n\n<a class=\"maxbutton-1 maxbutton maxbutton-cta\" target=\"_blank\" rel=\"nofollow noopener\" href=\"\/go\/\"><span class='mb-text'>&gt;&gt; Acquista Suganorm<\/span><\/a>\n\n\n<h2><strong>SugaNorm porta una vasta gamma di principi attivi naturali<\/strong><\/h2>\n\n\n\n<p>Vogliamo che <strong>acquistare e utilizzare SugaNorm come cliente ben informato<\/strong>. Ecco perch\u00e9 ci prendiamo il disturbo e vi presentiamo di seguito la modalit\u00e0 d&#8217;azione dell&#8217;individuo <strong>Ingredienti di SugaNorm<\/strong> prima. Cos\u00ec facendo, entriamo nei minimi dettagli, perch\u00e9 solo cos\u00ec si ha la possibilit\u00e0 di riconoscere esattamente ci\u00f2 che i singoli ingredienti fanno nel proprio corpo e come interagiscono tra loro per creare il proprio <strong>Migliorate il benessere e promuovete la vostra salute generale.<\/strong> Inoltre, vedrete da queste affermazioni che le esperienze positive di SugaNorm riportate sono vere e che le critiche che ne sono state fatte in alcuni luoghi sono ingiustificate.<\/p>\n\n\n\n<p>La gamma di principi attivi che si ottiene quando si acquista SugaNorm \u00e8 molto ampia. Questo include gli estratti da:<\/p>\n\n\n\n<p>\u00b7 &nbsp; &nbsp; &nbsp; &nbsp; Amaranto<br>\u00b7 &nbsp; &nbsp; &nbsp; &nbsp; Carciofo<br>\u00b7 &nbsp; &nbsp; &nbsp; &nbsp; Cordyceps<br>\u00b7 &nbsp; &nbsp; &nbsp; &nbsp; Rosso sangue d&#8217;oca<br>\u00b7 &nbsp; &nbsp; &nbsp; &nbsp; Gelso<br>\u00b7 &nbsp; &nbsp; &nbsp; &nbsp; Cannella<\/p>\n\n\n\n<p>Nella loro interezza, forniscono una moltitudine di vitamine e altri aiuti essenziali per il metabolismo umano e quindi contribuiscono anche a <strong>prevenzione contro numerosi tipi di malattie.<\/strong><\/p>\n\n\n\n<h2><strong>L&#8217;amaranto in SugaNorm promuove la performance generale<\/strong><\/h2>\n\n\n\n<p>La pianta con il nome botanico Amaranthus \u00e8 comunemente chiamata coda di volpe. Contiene un totale di otto <strong>varie vitamine, di cui l&#8217;organismo umano ha assolutamente bisogno.<\/strong> Oltre alla vitamina C (acido ascorbico), queste includono sei vitamine della serie B e la vitamina E (tocoferolo). Soprattutto il contenuto di vitamina E rende interessante per i vegani acquistare il SugaNorm in Germania e prenderlo regolarmente. Un sottoapprovvigionamento di alcune vitamine \u00e8 spesso osservato nei vegani. Anche altre sostanze di amaranto nelle capsule di SugaNorm sono utili per loro. Tra questi, ad esempio:<\/p>\n\n\n\n<p>\u00b7 &nbsp; &nbsp; &nbsp; &nbsp; Ferro da stiro<br>\u00b7 &nbsp; &nbsp; &nbsp; &nbsp; Potassio<br>\u00b7 &nbsp; &nbsp; &nbsp; &nbsp; Magnesio<br>\u00b7 &nbsp; &nbsp; &nbsp; &nbsp; Fosforo<br>\u00b7 &nbsp; &nbsp; &nbsp; &nbsp; Zinco<\/p>\n\n\n\n<p>Poich\u00e9 i vegani evitano anche il latte e i latticini, possono <strong>prevenire la carenza di ferro e la carenza di magnesio con SugaNorm<\/strong> ohne auf viele verschiedene Vorbereitungen zur\u00fcckgreifen zu m\u00fcssen. Auch f\u00fcr die breite \u00d6ffentlichkeit ist die <strong>principi attivi derivati dall&#8217;amaranto nel SugaNorm<\/strong> interessante. Questi includono alcuni degli aminoacidi essenziali di cui il metabolismo umano ha bisogno ma che non pu\u00f2 produrre o immagazzinare. Per questo motivo l&#8217;amaranto viene aggiunto agli alimenti per bambini prodotti industrialmente.<\/p>\n\n\n\n<h2><strong>Il carciofo in SugaNorm previene alcune &#8220;malattie comuni<\/strong><\/h2>\n\n\n\n<p>Molte delle esperienze di SugaNorm riferiscono una buona efficacia dell&#8217;integratore alimentare in <strong>Prevenzione contro il sovrappeso e l&#8217;obesit\u00e0.<\/strong> Gli estratti ottenuti dal carciofo sono responsabili di questo. Avete un <strong>influenza positiva sul bilancio del colesterolo umano<\/strong>. Studi hanno gi\u00e0 dimostrato che gli ingredienti del carciofo riducono il livello di colesterolo nel sangue fino al 12%. Favoriscono anche l&#8217;escrezione del colesterolo non necessario. Ci\u00f2 significa che le persone con una predisposizione genetica all&#8217;obesit\u00e0 hanno diversi motivi per acquistare e utilizzare il SugaNorm in Germania.<\/p>\n\n\n\n<p>L&#8217;obesit\u00e0 \u00e8 una delle cosiddette &#8220;malattie diffuse&#8221;, la cui frequenza aumenta con l&#8217;et\u00e0. Secondo i dati dell&#8217;Istituto Robert Koch, il 33 per cento di tutti gli uomini e il 35 per cento di tutte le donne sopra i 60 anni soffrono di sovrappeso o obesit\u00e0. Questo significa che il <strong>Concentrarsi sulla prevenzione tempestiva<\/strong> mentire. Questo \u00e8 esattamente ci\u00f2 che \u00e8 facilmente possibile con SugaNorm. \u00c8 anche possibile utilizzarlo per prevenire numerose malattie che derivano dal sovrappeso permanente. Tra questi, ad esempio:<\/p>\n\n\n\n<p>\u00b7 &nbsp; &nbsp; &nbsp; &nbsp; Arteriosclerosi<br>\u00b7 &nbsp; &nbsp; &nbsp; &nbsp; fegato grasso<br>\u00b7 &nbsp; &nbsp; &nbsp; &nbsp; Alta pressione sanguigna<br>\u00b7 &nbsp; &nbsp; &nbsp; &nbsp; malattia coronarica<br>\u00b7 &nbsp; &nbsp; &nbsp; &nbsp; aumento del rischio di ictus e infarti<br>\u00b7 &nbsp; &nbsp; &nbsp; &nbsp; Artrosi<br>\u00b7 &nbsp; &nbsp; &nbsp; &nbsp; Diabete<\/p>\n\n\n\n<h2><strong>Cordyceps in SugaNorm aiuta a prevenire l&#8217;obesit\u00e0<\/strong><\/h2>\n\n\n\n<p>Il Cordyceps appartiene alla sottospecie dei Sordariomiceti nel genere dei veri funghi tubulari. Contribuisce all&#8217;efficace <strong>Ingredienti di SugaNorm <\/strong>i beta-glucani. Nel corpo umano hanno il compito di <strong>Mantenere bassi i livelli di LDL.<\/strong> L&#8217;abbreviazione LDL sta per lipoproteine a bassa densit\u00e0, che non per niente sono chiamate &#8220;colesterolo cattivo&#8221;. Sono quelli che si accumulano come cuscinetti di grasso non amato e riducono la permeabilit\u00e0 dei vasi sanguigni. Durante il metabolismo del tessuto adiposo vengono scomposti per ultimi. Il sito <strong>Beta-Glucane in SugaNorm<\/strong> contribuire a ridurre l&#8217;accumulo di tessuto adiposo formato da LDL.<\/p>\n\n\n\n<p>Ma i beta-glucani non sono l&#8217;unico principio attivo che il Cordyceps contribuisce alla buona esperienza SugaNorm. I funghi tubolari si trasformano in <strong>per l&#8217;integratore alimentare si ottiene anche l&#8217;ergosterolo.<\/strong> Ergosterolo \u00e8 il nome scientifico della vitamina B2. Questo significa che <strong>prevenire la carenza di vitamina B2 con SugaNorm<\/strong>. Tale carenza \u00e8 causalmente coinvolta nello sviluppo della tetania e dell&#8217;osteomalacia. Recenti serie di test hanno anche dimostrato che l&#8217;assunzione mirata di vitamina B2 pu\u00f2 alleviare le seguenti malattie e sintomi:<\/p>\n\n\n\n<p>\u00b7 &nbsp; &nbsp; &nbsp; &nbsp; Asma<br>\u00b7 &nbsp; &nbsp; &nbsp; &nbsp; Depressioni<br>\u00b7 &nbsp; &nbsp; &nbsp; &nbsp; sclerosi multipla<br>\u00b7 &nbsp; &nbsp; &nbsp; &nbsp; Reumatismo<br>\u00b7 &nbsp; &nbsp; &nbsp; &nbsp; Crampi muscolari<br>\u00b7 &nbsp; &nbsp; &nbsp; &nbsp; Dolore agli arti con cause poco chiare<br>\u00b7 &nbsp; &nbsp; &nbsp; &nbsp; Suscettibilit\u00e0 alle infezioni<\/p>\n\n\n\n<p>Il sito <strong>Riduzione dei sintomi della depressione<\/strong> provoca il L-triptofano contenuto nel Cordyceps e anche nella capsula SugaNorm. Gli scienziati non hanno ancora una spiegazione del tutto definitiva per questo. Tutte le spiegazioni precedenti si basano su un <strong>Promozione del rilascio di serotonina<\/strong> spento.<\/p>\n\n\n<a class=\"maxbutton-1 maxbutton maxbutton-cta\" target=\"_blank\" rel=\"nofollow noopener\" href=\"\/go\/\"><span class='mb-text'>&gt;&gt; Acquista Suganorm<\/span><\/a>\n\n\n<h2><strong>Cosa fanno gli estratti di gelso in SugaNorm?<\/strong><\/h2>\n\n\n\n<p>Se acquistate SugaNorm in Germania, riceverete capsule contenenti estratti di gelso bianco. Essi contengono una maggiore quantit\u00e0 di vitamina B2 (riboflavina, chiamata anche lacoflavina). Siete responsabili del fatto che nel SugaNorm le esperienze di <strong>Aumento della performance generale<\/strong> viene segnalato. Il motivo \u00e8 che la riboflavina \u00e8 il materiale di partenza nel metabolismo umano per la fornitura dei coenzimi FAD e FMN. Si tratta di flavina adenina dinucleotide (FAD) e flavina mononucleotide (FMN). Entrambi i coenzimi sono essenziali per <strong>Fornitura di ossigeno per il metabolismo energetico<\/strong> e quindi anche indispensabile per la riduzione dei cuscinetti di grasso non amato. La carenza di vitamina B2 si verifica spesso in persone che raramente utilizzano i seguenti alimenti:<\/p>\n\n\n\n<p>\u00b7 &nbsp; &nbsp; &nbsp; &nbsp; Uova di pollo<br>\u00b7 &nbsp; &nbsp; &nbsp; &nbsp; Pesce<br>\u00b7 &nbsp; &nbsp; &nbsp; &nbsp; latte, formaggio, cagliata, yogurt<br>\u00b7 &nbsp; &nbsp; &nbsp; &nbsp; Prodotti integrali<\/p>\n\n\n\n<p>Chi non ama questi alimenti dovrebbe acquistare SugaNorm e quindi coprire il proprio fabbisogno giornaliero di vitamina B2, tanto pi\u00f9 che la preparazione offre anche numerosi altri benefici per la salute. Vale anche la pena di sapere che le sostanze contenute nell&#8217;estratto di gelso forniscono anche <strong>Prevenzione contro un aumento del rischio di infiammazione<\/strong> \u00e8 possibile. L&#8217;apporto continuo di vitamina B2 \u00e8 importante perch\u00e9 il corpo umano non pu\u00f2 immagazzinarla. Chiunque soffra di depressione deve prestare attenzione ad un&#8217;altra particolarit\u00e0. Gli antidepressivi classici aumentano costantemente il fabbisogno di vitamina B2.<\/p>\n\n\n\n<p>Inoltre, gli estratti del gelso bianco contengono lignani. Essi <strong>promuovere la rigenerazione fisica attraverso un sonno sano<\/strong>. I lignani sono simili agli estrogeni e prevengono, ad esempio, l&#8217;ostroporosi e le malattie del sistema cardiovascolare. I lignani sono anche responsabili delle esperienze positive di SugaNorm in termini di mantenimento della memoria e dell&#8217;udito pieno.<\/p>\n\n\n\n<h2><strong>La cannella \u00e8 indispensabile negli ingredienti di SugaNorm<\/strong><\/h2>\n\n\n\n<p>Acquistare SugaNorm e volerlo utilizzare \u00e8 utile anche per l&#8217;alto contenuto di cannella. C&#8217;\u00e8 soprattutto il <strong>Efficacia dell&#8217;Eugenolo<\/strong> una grande importanza. L&#8217;eugenolo \u00e8 uno dei pi\u00f9 importanti <strong>antinfiammatorio naturale.<\/strong> Questo dimostra che il SugaNorm \u00e8 un prodotto altamente raccomandato per le persone con diabete. Essi soffrono di una maggiore tendenza all&#8217;infiammazione, che \u00e8 ulteriormente aggravata dal sovrappeso che di solito si verifica in parallelo. Le persone con una predisposizione per i funghi della pelle di tutti i tipi beneficiano dell&#8217;effetto antimicotico (antimicotico) dell&#8217;eugenolo. Inoltre <strong>l&#8217;eugenolo nel SugaNorm inibisce i fattori di necrosi <\/strong>e quindi rallenta la crescita dei tumori.<\/p>\n\n\n\n<p>Ma la cannella contenuta nell&#8217;integratore alimentare SugaNorm ha un altro vantaggio. Una ridotta libido \u00e8 associata a molte malattie. I pazienti con depressione ne sono particolarmente colpiti, cos\u00ec come i pazienti con diabete e sovrappeso. La cannella \u00e8 stata considerata un afrodisiaco naturale per molti secoli. Questo significa che prendendo SugaNorm \u00e8 possibile <strong>aumentare la libido in modo naturale.<\/strong><\/p>\n\n\n\n<h2><strong>L&#8217;interazione dei principi attivi in SugaNorm \u00e8 molto interessante<\/strong><\/h2>\n\n\n\n<p>A differenza dei preparati monoattivi, il SugaNorm offre la possibilit\u00e0 di <strong>per promuovere i molteplici fattori responsabili della salute e del benessere allo stesso tempo.<\/strong> Quando si acquista SugaNorm, alla fine si risparmia (anche se il supplemento non \u00e8 economico). L&#8217;acquisto di preparati monoattivi sarebbe pi\u00f9 costoso per voi a causa del gran numero di principi attivi presenti in SugaNorm. Potete anche essere sicuri di ottenere sempre la combinazione e il dosaggio ottimale degli ingredienti se seguite le istruzioni per l&#8217;uso. Il numero di capsule da assumere al giorno varia a seconda del dosaggio. Al dosaggio pi\u00f9 basso, da adulto si dovrebbero assumere 2 capsule al mattino e 2 capsule alla sera appena prima dei pasti.<\/p>\n\n\n\n<p>La cosa migliore di questo integratore alimentare \u00e8 che <strong>sia per la prevenzione di varie malattie che per l&#8217;attenuazione dei sintomi <\/strong>senza dover appesantire il corpo con gli effetti collaterali indesiderati dei preparati prodotti chimicamente. In cambio, si ottiene un intero complesso di effetti che <strong>un&#8217;influenza positiva sulla qualit\u00e0 complessiva della vita<\/strong> hanno. Non c&#8217;\u00e8 un fatto universale che parli contro l&#8217;acquisto e l&#8217;uso permanente di SugaNorm. Finora non sono state trovate prove di danni al fegato, ai reni o allo stomaco. Questo distingue l&#8217;integratore alimentare da numerosi farmaci classici della produzione a dominanza chimica dell&#8217;industria farmaceutica.<\/p>\n\n\n\n<h2><strong>Si prega di notare le possibili interazioni di SugaNorm con i farmaci!<\/strong><\/h2>\n\n\n\n<p><strong>Interazioni di SugaNorm con i farmaci prescritti dal medico<\/strong> non pu\u00f2 essere completamente escluso. Ci\u00f2 vale soprattutto per i cosiddetti effetti cumulativi. Un punto importante in questo caso \u00e8 l&#8217;L-triptofano, che il cordyceps contribuisce agli ingredienti dell&#8217;integratore alimentare. Poich\u00e9 non si sa ancora esattamente come funziona per alleggerire l&#8217;umore, si consiglia cautela quando si assumono contemporaneamente gli antidepressivi classici. Questo riguarda soprattutto tutti i farmaci che hanno un&#8217;influenza sui livelli di serotonina. Questi includono:<\/p>\n\n\n\n<p>\u00b7 &nbsp; &nbsp; &nbsp; &nbsp; antidepressivi triciclici<br>\u00b7 &nbsp; &nbsp; &nbsp; &nbsp; inibitori selettivi della ricaptazione della serotonina (SSRI)<br>\u00b7 &nbsp; &nbsp; &nbsp; &nbsp; Antagonisti della serotonina (SARI)<br>\u00b7 &nbsp; &nbsp; &nbsp; &nbsp; Inibitori MAO<\/p>\n\n\n\n<p>L&#8217;assunzione di SugaNorm in parallelo pu\u00f2 aumentare significativamente il suo effetto. Un sovradosaggio risultante da una tale combinazione di solito porta a mal di testa, stanchezza diurna, vertigini e sonnolenza. In alcune malattie mentali, gli effetti cumulativi causati dal L-triptofano possono portare a fasi euforiche indesiderate. Questo \u00e8 concepibile, ad esempio, nel caso del disturbo bipolare, della linea di confine e di alcune forme di schizofrenia.<\/p>\n\n\n\n<p><strong>Dovreste quindi parlare con il vostro medico prima di acquistare e utilizzare SugaNorm,<\/strong> se un preparato della Divisione Psicofarmaci deve essere preso come farmaco permanente! <strong>Non sono ancora noti effetti negativi sull&#8217;efficacia della pillola contraccettiva<\/strong> e, data la natura delle sostanze contenute nel SugaNorm, non c&#8217;\u00e8 quasi certamente motivo di temere che vengano rilasciate. Lo stesso vale per l&#8217;uso parallelo di antibiotici e inibitori della girosi.<\/p>\n\n\n\n<h2><strong>Sempre pi\u00f9 medici conoscono l&#8217;esperienza SugaNorm<\/strong><\/h2>\n\n\n\n<p>Molte persone hanno prenotazioni per <strong>Consigli per l&#8217;uso di SugaNorm<\/strong> al vostro medico curante. Queste riserve sono superflue con un numero crescente di medici di base e specialisti. Sempre di pi\u00f9 <strong>I medici sono intensamente impegnati nei vantaggi dei preparati omeopatici<\/strong>, che include il SugaNorm. In molti casi, il trattamento con preparati contenenti solo ingredienti puramente naturali \u00e8 sufficiente, ma questo non vale per tutti i pazienti. Spesso \u00e8 possibile ridurre il dosaggio dei farmaci classici e quindi ridurre gli effetti collaterali indesiderati. Concordando il dosaggio con il proprio medico di famiglia, si evitano i rischi evitabili, ad esempio quelli derivanti dagli effetti cumulativi sopra descritti.<\/p>\n\n\n\n<h2><strong>Cos&#8217;altro dovete considerare quando acquistate e prendete SugaNorm?<\/strong><\/h2>\n\n\n\n<p><strong>Non interrompere mai i farmaci prescritti dal medico senza autorizzazione<\/strong>, perch\u00e9 pensi che il SugaNorm sia un vero e proprio sostituto! Pu\u00f2 essere cos\u00ec, ma non \u00e8 necessario che lo sia. Solo un medico pu\u00f2 fare una valutazione accurata. Anche se <strong>Effetti positivi di SugaNorm nel diabete<\/strong>, ma ci sono diverse forme di questa malattia. Spesso richiedono una fornitura di insulina, e la mancata fornitura pu\u00f2 portare a condizioni di pericolo di vita. Non correte questo rischio, ma parlate con il vostro medico di famiglia o con un internista specializzato nella cura del diabete! <strong>quando si assume il SugaNorm si verifica spesso una riduzione della dose<\/strong> possibile. Tuttavia, anche questo pu\u00f2 essere valutato dal medico curante solo sulla base dello sviluppo dei valori sierologici. Un dosaggio troppo basso del colesterolo tradizionale pu\u00f2 portare a danni al fegato e all&#8217;arteriosclerosi, per esempio. La collaborazione con il medico curante \u00e8 indispensabile anche per un altro motivo. Molti sintomi si basano su malattie per le quali \u00e8 necessario un trattamento causale. Un esempio sono le infezioni di tutti i tipi. <strong>Il SugaNorm d\u00e0 un importante contributo rafforzando in generale il sistema immunitario, ma non pu\u00f2 sostituire il trattamento convenzionale con antibiotici o inibitori della girosi.<\/strong> La vita \u00e8 troppo preziosa per correre un rischio a questo punto.<\/p>\n\n\n<a class=\"maxbutton-1 maxbutton maxbutton-cta\" target=\"_blank\" rel=\"nofollow noopener\" href=\"\/go\/\"><span class='mb-text'>&gt;&gt; Acquista Suganorm<\/span><\/a>\n\n\n<p><\/p>\n","protected":false},"excerpt":{"rendered":"<p>L&#8217;uso di preparati omeopatici, tra cui il SugaNorm, sta diventando sempre pi\u00f9 popolare. Questo non \u00e8 sorprendente, perch\u00e9 fare completamente<\/p>\n","protected":false},"author":3,"featured_media":0,"parent":0,"menu_order":0,"comment_status":"closed","ping_status":"closed","template":"","meta":[],"yoast_head":"<!-- This site is optimized with the Yoast SEO plugin v18.3 - https:\/\/yoast.com\/wordpress\/plugins\/seo\/ -->\n<title>Come puoi promuovere la tua salute con SugaNorm?<\/title>\n<meta name=\"description\" content=\"SugaNorm \u00e8 un integratore alimentare con effetti omeopatici complessi. Spieghiamo cosa fanno esattamente i singoli ingredienti.\" \/>\n<meta name=\"robots\" content=\"index, follow, max-snippet:-1, max-image-preview:large, max-video-preview:-1\" \/>\n<link rel=\"canonical\" href=\"https:\/\/www.suganorm24.info\/it\/\" \/>\n<meta property=\"og:locale\" content=\"it_IT\" \/>\n<meta property=\"og:type\" content=\"article\" \/>\n<meta property=\"og:title\" content=\"Come puoi promuovere la tua salute con SugaNorm?\" \/>\n<meta property=\"og:description\" content=\"SugaNorm \u00e8 un integratore alimentare con effetti omeopatici complessi. Spieghiamo cosa fanno esattamente i singoli ingredienti.\" \/>\n<meta property=\"og:url\" content=\"https:\/\/www.suganorm24.info\/it\/\" \/>\n<meta property=\"og:site_name\" content=\"SugaNorm\" \/>\n<meta property=\"article:modified_time\" content=\"2020-12-04T14:22:13+00:00\" \/>\n<meta name=\"twitter:card\" content=\"summary\" \/>\n<meta name=\"twitter:label1\" content=\"Tempo di lettura stimato\" \/>\n\t<meta name=\"twitter:data1\" content=\"11 minuti\" \/>\n<script type=\"application\/ld+json\" class=\"yoast-schema-graph\">{\"@context\":\"https:\/\/schema.org\",\"@graph\":[{\"@type\":\"WebSite\",\"@id\":\"https:\/\/www.suganorm24.info\/#website\",\"url\":\"https:\/\/www.suganorm24.info\/\",\"name\":\"SugaNorm\",\"description\":\"\",\"potentialAction\":[{\"@type\":\"SearchAction\",\"target\":{\"@type\":\"EntryPoint\",\"urlTemplate\":\"https:\/\/www.suganorm24.info\/?s={search_term_string}\"},\"query-input\":\"required name=search_term_string\"}],\"inLanguage\":\"it-IT\"},{\"@type\":\"WebPage\",\"@id\":\"https:\/\/www.suganorm24.info\/it\/#webpage\",\"url\":\"https:\/\/www.suganorm24.info\/it\/\",\"name\":\"Come puoi promuovere la tua salute con SugaNorm?\",\"isPartOf\":{\"@id\":\"https:\/\/www.suganorm24.info\/#website\"},\"datePublished\":\"2020-11-12T13:36:36+00:00\",\"dateModified\":\"2020-12-04T14:22:13+00:00\",\"description\":\"SugaNorm \u00e8 un integratore alimentare con effetti omeopatici complessi. Spieghiamo cosa fanno esattamente i singoli ingredienti.\",\"breadcrumb\":{\"@id\":\"https:\/\/www.suganorm24.info\/it\/#breadcrumb\"},\"inLanguage\":\"it-IT\",\"potentialAction\":[{\"@type\":\"ReadAction\",\"target\":[\"https:\/\/www.suganorm24.info\/it\/\"]}]},{\"@type\":\"BreadcrumbList\",\"@id\":\"https:\/\/www.suganorm24.info\/it\/#breadcrumb\",\"itemListElement\":[{\"@type\":\"ListItem\",\"position\":1,\"name\":\"Startseite\",\"item\":\"https:\/\/www.suganorm24.info\/it\/\"},{\"@type\":\"ListItem\",\"position\":2,\"name\":\"Come potete promuovere la vostra salute con SugaNorm?\"}]}]}<\/script>\n<!-- \/ Yoast SEO plugin. -->","yoast_head_json":{"title":"Come puoi promuovere la tua salute con SugaNorm?","description":"SugaNorm \u00e8 un integratore alimentare con effetti omeopatici complessi. Spieghiamo cosa fanno esattamente i singoli ingredienti.","robots":{"index":"index","follow":"follow","max-snippet":"max-snippet:-1","max-image-preview":"max-image-preview:large","max-video-preview":"max-video-preview:-1"},"canonical":"https:\/\/www.suganorm24.info\/it\/","og_locale":"it_IT","og_type":"article","og_title":"Come puoi promuovere la tua salute con SugaNorm?","og_description":"SugaNorm \u00e8 un integratore alimentare con effetti omeopatici complessi. Spieghiamo cosa fanno esattamente i singoli ingredienti.","og_url":"https:\/\/www.suganorm24.info\/it\/","og_site_name":"SugaNorm","article_modified_time":"2020-12-04T14:22:13+00:00","twitter_card":"summary","twitter_misc":{"Tempo di lettura stimato":"11 minuti"},"schema":{"@context":"https:\/\/schema.org","@graph":[{"@type":"WebSite","@id":"https:\/\/www.suganorm24.info\/#website","url":"https:\/\/www.suganorm24.info\/","name":"SugaNorm","description":"","potentialAction":[{"@type":"SearchAction","target":{"@type":"EntryPoint","urlTemplate":"https:\/\/www.suganorm24.info\/?s={search_term_string}"},"query-input":"required name=search_term_string"}],"inLanguage":"it-IT"},{"@type":"WebPage","@id":"https:\/\/www.suganorm24.info\/it\/#webpage","url":"https:\/\/www.suganorm24.info\/it\/","name":"Come puoi promuovere la tua salute con SugaNorm?","isPartOf":{"@id":"https:\/\/www.suganorm24.info\/#website"},"datePublished":"2020-11-12T13:36:36+00:00","dateModified":"2020-12-04T14:22:13+00:00","description":"SugaNorm \u00e8 un integratore alimentare con effetti omeopatici complessi. Spieghiamo cosa fanno esattamente i singoli ingredienti.","breadcrumb":{"@id":"https:\/\/www.suganorm24.info\/it\/#breadcrumb"},"inLanguage":"it-IT","potentialAction":[{"@type":"ReadAction","target":["https:\/\/www.suganorm24.info\/it\/"]}]},{"@type":"BreadcrumbList","@id":"https:\/\/www.suganorm24.info\/it\/#breadcrumb","itemListElement":[{"@type":"ListItem","position":1,"name":"Startseite","item":"https:\/\/www.suganorm24.info\/it\/"},{"@type":"ListItem","position":2,"name":"Come potete promuovere la vostra salute con SugaNorm?"}]}]}},"_links":{"self":[{"href":"https:\/\/www.suganorm24.info\/it\/wp-json\/wp\/v2\/pages\/152"}],"collection":[{"href":"https:\/\/www.suganorm24.info\/it\/wp-json\/wp\/v2\/pages"}],"about":[{"href":"https:\/\/www.suganorm24.info\/it\/wp-json\/wp\/v2\/types\/page"}],"author":[{"embeddable":true,"href":"https:\/\/www.suganorm24.info\/it\/wp-json\/wp\/v2\/users\/3"}],"replies":[{"embeddable":true,"href":"https:\/\/www.suganorm24.info\/it\/wp-json\/wp\/v2\/comments?post=152"}],"version-history":[{"count":4,"href":"https:\/\/www.suganorm24.info\/it\/wp-json\/wp\/v2\/pages\/152\/revisions"}],"predecessor-version":[{"id":176,"href":"https:\/\/www.suganorm24.info\/it\/wp-json\/wp\/v2\/pages\/152\/revisions\/176"}],"wp:attachment":[{"href":"https:\/\/www.suganorm24.info\/it\/wp-json\/wp\/v2\/media?parent=152"}],"curies":[{"name":"wp","href":"https:\/\/api.w.org\/{rel}","templated":true}]}}