{"id":153,"date":"2020-11-12T14:54:52","date_gmt":"2020-11-12T14:54:52","guid":{"rendered":"https:\/\/www.suganorm24.info\/?page_id=153"},"modified":"2020-12-04T14:22:03","modified_gmt":"2020-12-04T14:22:03","slug":"cum-va-puteti-promova-sanatatea-cu-suganorm","status":"publish","type":"page","link":"https:\/\/www.suganorm24.info\/ro\/","title":{"rendered":"Cum v\u0103 pute\u021bi promova s\u0103n\u0103tatea cu SugaNorm?"},"content":{"rendered":"\n<p>Utilizarea preparatelor homeopate, inclusiv SugaNorm, devine din ce \u00een ce mai popular\u0103. Nu este surprinz\u0103tor, pentru c\u0103 ea <strong>renun\u021b\u0103 complet la chimie<\/strong> \u0219i \u00eenc\u0103 ob\u021bin un efect m\u0103surabil. Multe dintre aceste preparate sunt eliberate f\u0103r\u0103 prescrip\u021bie medical\u0103, deoarece apar\u021bin grupului de suplimente alimentare. Acestea amelioreaz\u0103 multe afec\u021biuni \u00eentr-un mod complet natural \u0219i reduc nevoia de medicin\u0103 conven\u021bional\u0103. Adic\u0103 sunt una <strong>supliment benefic la medica\u021bia clasic\u0103<\/strong>, ceea ce demonstreaz\u0103 experien\u021bele anterioare SugaNorm.<\/p>\n\n\n\n<p>Face\u021bi clic pe link pentru mai multe informa\u021bii: <strong><a rel=\"noreferrer noopener\" href=\"https:\/\/www.suganormofficial.info\/\" target=\"_blank\">www.suganormofficial.info<\/a><\/strong><\/p>\n\n\n<a class=\"maxbutton-1 maxbutton maxbutton-cta\" target=\"_blank\" rel=\"nofollow noopener\" href=\"\/go\/\"><span class='mb-text'>&gt;&gt; Cump\u0103ra\u021bi Suganorm<\/span><\/a>\n\n\n<h2><strong>SugaNorm aduce cu el o gam\u0103 larg\u0103 de ingrediente active naturale<\/strong><\/h2>\n\n\n\n<p>Te vrem <strong>ca un client bine informat cump\u0103r\u0103 \u0219i folose\u0219te SugaNorm<\/strong>. De aceea depunem efortul \u0219i explic\u0103m mai jos modul de ac\u021biune al fiec\u0103ruia <strong>Ingrediente ale SugaNorm<\/strong> in fata. Proced\u00e2nd astfel, intr\u0103m \u00een detalii deosebite, deoarece acesta este singurul mod \u00een care ave\u021bi \u0219ansa de a vedea exact ce cauzeaz\u0103 ingredientele individuale \u00een corpul dvs. \u0219i \u00een interac\u021biunea dvs. <strong>\u00cembun\u0103t\u0103\u021be\u0219te bun\u0103starea \u0219i promoveaz\u0103 starea general\u0103 de s\u0103n\u0103tate.<\/strong> De asemenea, ve\u021bi vedea din aceste explica\u021bii c\u0103 experien\u021bele pozitive SugaNorm raportate sunt adev\u0103rate \u0219i c\u0103 criticile f\u0103cute \u00een unele locuri sunt nejustificate.&nbsp;&nbsp;<\/p>\n\n\n\n<p>Gama de ingrediente active pe care o ob\u021bine\u021bi atunci c\u00e2nd cump\u0103ra\u021bi SugaNorm este foarte divers\u0103. Acestea includ extrase din:<\/p>\n\n\n\n<p>\u00b7 &nbsp; &nbsp; &nbsp; &nbsp; Amarant<br>\u00b7 &nbsp; &nbsp; &nbsp; &nbsp; Artischocke<br>\u00b7 &nbsp; &nbsp; &nbsp; &nbsp; Cordyceps<br>\u00b7 &nbsp; &nbsp; &nbsp; &nbsp; Ro\u0219u margaret\u0103<br>\u00b7 &nbsp; &nbsp; &nbsp; &nbsp; Maulbeerbaum<br>\u00b7 &nbsp; &nbsp; &nbsp; &nbsp; scor\u0163i\u015foar\u0103<\/p>\n\n\n\n<p>\u00cen ansamblu, ele ofer\u0103 o multitudine de vitamine \u0219i al\u021bi ajutoare esen\u021biale pentru metabolismul uman \u0219i, astfel, contribuie <strong>Prevenirea \u00eempotriva numeroaselor tipuri de boli<\/strong> la.<\/p>\n\n\n\n<h2><strong>Amarantul din SugaNorm promoveaz\u0103 performan\u021ba general\u0103<\/strong><\/h2>\n\n\n\n<p>Planta cu numele botanic Amaranthus este denumit\u0103 \u00een mod obi\u0219nuit coad\u0103 de vulpe. Sunt opt \u200b\u200b\u00een total <strong>diferite vitamine de care organismul uman are absolut nevoie<\/strong>. Pe l\u00e2ng\u0103 vitamina C (acid ascorbic), aceasta include \u0219ase vitamine B \u0219i vitamina E (tocoferol). Con\u021binutul de vitamina E \u00een special \u00eel face interesant pentru vegani s\u0103 cumpere SugaNorm \u00een Germania \u0219i s\u0103-l ia \u00een mod regulat. O cantitate insuficient\u0103 de vitamine este adesea observat\u0103 \u00een ele. Alte substan\u021be amarant din capsulele SugaNorm v\u0103 sunt de asemenea utile. Acestea includ, de exemplu:<\/p>\n\n\n\n<p>\u00b7 &nbsp; &nbsp; &nbsp; &nbsp; Cerin\u021be<br>\u00b7 &nbsp; &nbsp; &nbsp; &nbsp; Potasiu<br>\u00b7 &nbsp; &nbsp; &nbsp; &nbsp; Magneziu<br>\u00b7 &nbsp; &nbsp; &nbsp; &nbsp; Fosfor<br>\u00b7 &nbsp; &nbsp; &nbsp; &nbsp; zinc<\/p>\n\n\n\n<p>\u00centruc\u00e2t veganii nu fac \u0219i lapte \u0219i produse lactate, pot <strong>preveni caren\u021ba de fier \u0219i magneziu cu SugaNorm<\/strong>, f\u0103r\u0103 a fi nevoie s\u0103 folosi\u021bi multe preparate diferite. Sunt, de asemenea, pentru publicul larg <strong>Ingrediente active ob\u021binute din amarant \u00een SugaNorm<\/strong> Interesant. Aceasta include unii dintre aminoacizii esen\u021biali de care are nevoie metabolismul uman, dar care nu se pot produce sau stoca singuri. De aceea, amarantul se adaug\u0103 alimentelor pentru copii produse \u00een mod industrial.<\/p>\n\n\n\n<h2><strong>Anghinarea din SugaNorm previne unele \u201eboli comune\u201d<\/strong><\/h2>\n\n\n\n<p>Multe dintre experien\u021bele SugaNorm raporteaz\u0103 o bun\u0103 eficien\u021b\u0103 a suplimentului alimentar \u00een <strong>Prevenirea supraponderalit\u0103\u021bii \u0219i a obezit\u0103\u021bii.<\/strong> Extractele ob\u021binute din anghinare sunt responsabile pentru acest lucru. au unul <strong>influen\u021b\u0103 pozitiv\u0103 asupra echilibrului colesterolului uman<\/strong>. Studiile au ar\u0103tat deja c\u0103 ingredientele din anghinare reduc nivelul colesterolului din s\u00e2nge cu p\u00e2n\u0103 la 12%. \u00cen plus, promoveaz\u0103 excre\u021bia colesterolului inutil. Aceasta \u00eenseamn\u0103 c\u0103 pentru persoanele cu predispozi\u021bie genetic\u0103 la supraponderalitate, este interesant din mai multe moduri s\u0103 cumpere \u0219i s\u0103 utilizeze SugaNorm \u00een Germania.<\/p>\n\n\n\n<p>Obezitatea este una dintre a\u0219a-numitele \u201eboli r\u0103sp\u00e2ndite\u201d, a c\u0103ror frecven\u021b\u0103 cre\u0219te odat\u0103 cu \u00eenaintarea \u00een v\u00e2rst\u0103. Potrivit cifrelor Institutului Robert Koch, 33% dintre b\u0103rba\u021bi \u0219i 35% dintre toate femeile cu v\u00e2rsta peste 60 de ani sunt supraponderali sau obezi. Asta \u00eenseamn\u0103 c\u0103 trebuie s\u0103 fie aici <strong>Concentra\u021bi-v\u0103 pe prevenirea \u00een timp util<\/strong> minciun\u0103. Exact acest lucru este u\u0219or posibil cu SugaNorm. De asemenea, \u00eel pute\u021bi utiliza pentru a preveni numeroase boli care rezult\u0103 din obezitatea permanent\u0103. Acestea includ, de exemplu:<\/p>\n\n\n\n<p>\u00b7 &nbsp; &nbsp; &nbsp; &nbsp; arterioscleroz\u0103<br>\u00b7 &nbsp; &nbsp; &nbsp; &nbsp; Ficat gras<br>\u00b7 &nbsp; &nbsp; &nbsp; &nbsp; tensiune arterial\u0103 crescut\u0103<br>\u00b7 &nbsp; &nbsp; &nbsp; &nbsp; boal\u0103 coronarian\u0103<br>\u00b7 &nbsp; &nbsp; &nbsp; &nbsp; risc crescut de accident vascular cerebral \u0219i atacuri de cord<br>\u00b7 &nbsp; &nbsp; &nbsp; &nbsp; Osteoartrita<br>\u00b7 &nbsp; &nbsp; &nbsp; &nbsp; Diabet<\/p>\n\n\n\n<h2><strong>Cordyceps din SugaNorm ajut\u0103 la prevenirea obezit\u0103\u021bii<\/strong><\/h2>\n\n\n\n<p>Cordyceps apar\u021bine \u00een genul ciupercilor cu furtun adev\u0103rat subspeciei Sordariomycetes. El contribuie la efectiv <strong>Ingrediente ale SugaNorm <\/strong>beta-glucanii. \u00cen corpul uman ave\u021bi sarcina <strong>Men\u021bine\u021bi nivelurile LDL sc\u0103zute.<\/strong> Abrevierea LDL reprezint\u0103 lipoproteinele cu densitate sc\u0103zut\u0103, care nu sunt numite \u201ecolesterol r\u0103u\u201d degeaba. Ei sunt cei care se acumuleaz\u0103 ca m\u00e2nere de dragoste ne iubite \u0219i reduc permeabilitatea vaselor de s\u00e2nge. C\u00e2nd \u021besutul adipos este metabolizat, acestea sunt \u00een cele din urm\u0103 defalcate. <strong>Beta-Glucan \u00een SugaNorm<\/strong> ajut\u0103 la reducerea acumul\u0103rii de \u021besut gras format din LDL.<\/p>\n\n\n\n<p>Dar beta-glucanii nu sunt singurul ingredient activ pe care Cordyceps \u00eel contribuie la experien\u021ba bun\u0103 SugaNorm. Ciupercile devin <strong>Ergosterolul a fost ob\u021binut \u0219i pentru suplimentul alimentar.<\/strong> Ergosterol este denumirea \u0219tiin\u021bific\u0103 pentru vitamina B2. Adica tu <strong>preveni deficitul de vitamina B2 cu SugaNorm.<\/strong> O astfel de deficien\u021b\u0103 este implicat\u0103 cauzal \u00een dezvoltarea tetaniei \u0219i a osteomalaciei. Seriile recente de teste au ar\u0103tat, de asemenea, c\u0103 aportul \u021bintit de vitamina B2 poate atenua urm\u0103toarele boli \u0219i simptome:<\/p>\n\n\n\n<p>\u00b7 &nbsp; &nbsp; &nbsp; &nbsp; Astm<br>\u00b7 &nbsp; &nbsp; &nbsp; &nbsp; depresiuni<br>\u00b7 &nbsp; &nbsp; &nbsp; &nbsp; Scleroz\u0103 multipl\u0103<br>\u00b7 &nbsp; &nbsp; &nbsp; &nbsp; reumatism<br>\u00b7 &nbsp; &nbsp; &nbsp; &nbsp; Spasme musculare<br>\u00b7 &nbsp; &nbsp; &nbsp; &nbsp; Dureri ale corpului cu cauze neclare<br>\u00b7 &nbsp; &nbsp; &nbsp; &nbsp; Susceptibilitatea la infec\u021bie<\/p>\n\n\n\n<p>Die <strong>Reducerea simptomelor \u00een depresie<\/strong> provoac\u0103 L-triptofanul con\u021binut \u00een Cordyceps \u0219i, de asemenea, \u00een capsulele SugaNorm. Oamenii de \u0219tiin\u021b\u0103 \u00eenc\u0103 nu au o explica\u021bie complet concludent\u0103 pentru acest lucru. Toate explica\u021biile anterioare se bazeaz\u0103 pe una <strong>Promoveaz\u0103 eliberarea serotoninei<\/strong> afar\u0103.<\/p>\n\n\n<a class=\"maxbutton-1 maxbutton maxbutton-cta\" target=\"_blank\" rel=\"nofollow noopener\" href=\"\/go\/\"><span class='mb-text'>&gt;&gt; Cump\u0103ra\u021bi Suganorm<\/span><\/a>\n\n\n<h2><strong>Ce fac extractele de dud din SugaNorm?<\/strong><\/h2>\n\n\n\n<p>C\u00e2nd cump\u0103ra\u021bi SugaNorm \u00een Germania, primi\u021bi capsule care con\u021bin extracte din dudul alb. Acestea con\u021bin o cantitate mare de vitamina B2 (riboflavin\u0103, numit\u0103 \u0219i lacoflavin\u0103). Sunte\u021bi responsabil pentru asigurarea faptului c\u0103 \u00een experien\u021bele SugaNorm ale unui <strong>Cre\u0219terea performan\u021bei generale<\/strong> este raportat. Motivul pentru aceasta este c\u0103 riboflavina din metabolismul uman este materia prim\u0103 pentru furnizarea coenzimelor FAD \u0219i FMN. Acestea sunt flavin\u0103 adenin\u0103 dinucleotid\u0103 (FAD) \u0219i flavin\u0103 mononucleotid\u0103 (FMN). Ambele coenzime sunt pentru asta <strong>Furnizarea de oxigen pentru metabolismul energetic<\/strong> \u0219i, de asemenea, indispensabil pentru descompunerea m\u00e2nerelor de dragoste ne iubite. Deficitul de vitamina B2 apare adesea la persoanele care utilizeaz\u0103 rareori urm\u0103toarele alimente:<\/p>\n\n\n\n<p>\u00b7 &nbsp; &nbsp; &nbsp; &nbsp; Ou\u0103 de pui<br>\u00b7 &nbsp; &nbsp; &nbsp; &nbsp; pe\u015fte<br>\u00b7 &nbsp; &nbsp; &nbsp; &nbsp; Lapte, br\u00e2nz\u0103, ca\u0219, iaurt<br>\u00b7 &nbsp; &nbsp; &nbsp; &nbsp; produse din cereale integrale<\/p>\n\n\n\n<p>Dac\u0103 nu v\u0103 plac aceste alimente, ar trebui s\u0103 cump\u0103ra\u021bi SugaNorm \u0219i s\u0103 acoperi\u021bi astfel necesarul zilnic de vitamina B2, mai ales c\u0103 preparatul are \u0219i numeroase alte beneficii pentru s\u0103n\u0103tate. Merit\u0103 s\u0103 \u0219tim c\u0103 cu substan\u021bele din extractul de dud exist\u0103 \u0219i unul <strong>Prevenirea \u00eempotriva unui risc crescut de inflama\u021bie<\/strong> este posibil. Aprovizionarea continu\u0103 cu vitamina B2 este important\u0103, deoarece corpul uman nu o poate stoca. Oricine sufer\u0103 de depresie trebuie s\u0103 fie atent la o alt\u0103 caracteristic\u0103 special\u0103. Antidepresivele clasice cresc \u00een mod constant necesarul de vitamina B2.<\/p>\n\n\n\n<p>\u00cen plus, exist\u0103 lignani \u00een extractele din dudul alb. tu <strong>promoveaz\u0103 regenerarea fizic\u0103 printr-un somn s\u0103n\u0103tos<\/strong>. Lignanii sunt similari cu estrogenii \u0219i previn, de exemplu, osteroporoza \u0219i bolile sistemului cardiovascular. Lignanii sunt, de asemenea, responsabili de experien\u021bele pozitive SugaNorm \u00een vederea men\u021binerii memoriei \u0219i a auzului complet.<\/p>\n\n\n\n<h2><strong>Scor\u021bi\u0219oara este o parte integrant\u0103 a ingredientelor din SugaNorm<\/strong><\/h2>\n\n\n\n<p>Cump\u0103rarea SugaNorm \u0219i \u00eencercarea de a-l folosi merit\u0103, de asemenea, din cauza con\u021binutului ridicat de scor\u021bi\u0219oar\u0103. Acolo este primul care vine <strong>Eficacitatea eugenolului<\/strong> o mare importan\u021b\u0103 pentru ea. Eugenolul este unul dintre cele mai importante <strong>antiinflamator natural<\/strong>. Acest lucru arat\u0103 c\u0103 SugaNorm este un produs extrem de recomandat pentru persoanele cu diabet zaharat. Ei sufer\u0103 de o tendin\u021b\u0103 crescut\u0103 la inflama\u021bie, care este agravat\u0103 de obezitatea \u00een cea mai mare parte simultan\u0103. Persoanele cu o dispozi\u021bie pentru toate tipurile de ciuperci ale pielii beneficiaz\u0103 de efectul antifungic (inhibitor al ciupercilor) al eugenolului. \u00een plus <strong>eugenolul din SugaNorm inhib\u0103 factorii de necroz\u0103 <\/strong>\u0219i astfel \u00eencetine\u0219te cre\u0219terea tumorilor.<\/p>\n\n\n\n<p>Dar con\u021binutul de scor\u021bi\u0219oar\u0103 con\u021binut \u00een suplimentul alimentar SugaNorm are un alt avantaj. O reducere a libidoului este asociat\u0103 cu multe boli. Mai presus de toate, acest lucru afecteaz\u0103 at\u00e2t pacien\u021bii cu depresie, c\u00e2t \u0219i pacien\u021bii cu diabet \u0219i obezitate. Scor\u021bi\u0219oara a fost un afrodiziac natural de secole. Acestea fiind spuse, cu SugaNorm po\u021bi <strong>cre\u0219te libidoul \u00een mod natural.<\/strong><\/p>\n\n\n\n<h2><strong>Interac\u021biunea ingredientelor active din SugaNorm este foarte interesant\u0103<\/strong><\/h2>\n\n\n\n<p>Spre deosebire de preparatele cu ingrediente mono-active, SugaNorm ofer\u0103 \u0219ansa de a <strong>Promoveaz\u0103 \u00een acela\u0219i timp o multitudine de factori responsabili pentru s\u0103n\u0103tate \u0219i bun\u0103stare<\/strong>. C\u00e2nd cump\u0103ra\u021bi SugaNorm, ajunge\u021bi s\u0103 economisi\u021bi bani (de\u0219i suplimentul nu este ieftin). Achizi\u021bionarea preparatelor cu ingrediente mono-active ar fi mai costisitoare datorit\u0103 num\u0103rului mare de ingrediente active din SugaNorm. \u00cen plus, pute\u021bi fi sigur c\u0103 ve\u021bi ob\u021bine \u00eentotdeauna combina\u021bia \u0219i dozarea optim\u0103 a ingredientelor dac\u0103 urma\u021bi instruc\u021biunile de utilizare. Num\u0103rul de capsule care trebuie luate pe zi difer\u0103 \u00een func\u021bie de doz\u0103. Cu cea mai mic\u0103 doz\u0103, ca adult, trebuie s\u0103 lua\u021bi 2 capsule diminea\u021ba \u0219i 2 capsule seara chiar \u00eenainte de a m\u00e2nca.<\/p>\n\n\n\n<p>Cel mai bun lucru despre suplimentul alimentar este c\u0103 este <strong>at\u00e2t pentru prevenirea diferitelor boli, c\u00e2t \u0219i pentru ameliorarea simptomelor <\/strong>f\u0103r\u0103 a fi nevoie s\u0103 v\u0103 \u00eenc\u0103rca\u021bi corpul cu efectele secundare nedorite ale preparatelor fabricate chimic. Pentru aceasta ob\u021bine\u021bi un \u00eentreg complex de efecte care <strong>o influen\u021b\u0103 pozitiv\u0103 asupra calit\u0103\u021bii generale a vie\u021bii<\/strong> a avea. Nu exist\u0103 niciun fapt general care s\u0103 se opun\u0103 cump\u0103r\u0103rii \u0219i utiliz\u0103rii SugaNorm pe termen lung. P\u00e2n\u0103 \u00een prezent nu s-au g\u0103sit dovezi ale afect\u0103rii ficatului, rinichilor sau stomacului. Acest lucru distinge suplimentul alimentar de numeroase medicamente clasice de produc\u021bia dominat\u0103 chimic din industria farmaceutic\u0103.<\/p>\n\n\n\n<h2><strong>V\u0103 rug\u0103m s\u0103 re\u021bine\u021bi posibilele interac\u021biuni ale SugaNorm cu medicamente!<\/strong><\/h2>\n\n\n\n<p><strong>Interac\u021biunile SugaNorm cu medicamentele prescrise de un medic<\/strong> nu poate fi exclus\u0103 \u00een totalitate. Acest lucru este valabil mai ales pentru a\u0219a-numitele efecte de acumulare. Un punct important este L-triptofanul, pe care Cordyceps \u00eel contribuie la ingredientele suplimentului alimentar. Deoarece nu se \u0219tie \u00eenc\u0103 exact cum acest lucru provoac\u0103 \u00eembun\u0103t\u0103\u021birea dispozi\u021biei, se recomand\u0103 pruden\u021b\u0103 atunci c\u00e2nd se iau \u00een acela\u0219i timp antidepresive clasice. Mai presus de toate, acest lucru se aplic\u0103 tuturor medicamentelor care au o influen\u021b\u0103 asupra nivelului de serotonin\u0103. Aceasta include:<\/p>\n\n\n\n<p>\u00b7 &nbsp; &nbsp; &nbsp; &nbsp; antidepresive triciclice<br>\u00b7 &nbsp; &nbsp; &nbsp; &nbsp; inhibitori selectivi ai recapt\u0103rii serotoninei (ISRS)<br>\u00b7 &nbsp; &nbsp; &nbsp; &nbsp; Antagonist serotoninergic (SARI)<br>\u00b7 &nbsp; &nbsp; &nbsp; &nbsp; MAO-Hemmer<\/p>\n\n\n\n<p>Lu\u00e2nd SugaNorm \u00een acela\u0219i timp, efectele lor pot fi semnificativ crescute. O supradoz\u0103 rezultat\u0103 dintr-o astfel de combina\u021bie duce de obicei la dureri de cap, somnolen\u021b\u0103 \u00een timpul zilei, ame\u021beli \u0219i somnolen\u021b\u0103. \u00cen cazul unor boli mintale, efectele de acumulare cauzate de L-triptofan pot duce la faze euforice nedorite. Acest lucru este conceput, de exemplu, cu tulburarea bipolar\u0103, limita \u0219i unele sub-forme de schizofrenie.<\/p>\n\n\n\n<p><strong>Discuta\u021bi cu medicul dumneavoastr\u0103 \u00eenainte de a cump\u0103ra \u0219i utiliza SugaNorm,<\/strong> dac\u0103 trebuie s\u0103 lua\u021bi un preparat din divizia de medicamente psihotrope ca medicament permanent! <strong>Nu se cunosc efecte negative asupra eficacit\u0103\u021bii pilulei anticoncep\u021bionale<\/strong> \u0218i datorit\u0103 naturii substan\u021belor con\u021binute \u00een SugaNorm, nu exist\u0103 riscul ca exist\u0103 o probabilitate care s\u0103 limiteze certitudinea. Acest lucru se aplic\u0103 \u0219i utiliz\u0103rii \u00een paralel a antibioticelor \u0219i a inhibitorilor de giraz\u0103.<\/p>\n\n\n\n<h2><strong>Din ce \u00een ce mai mul\u021bi medici sunt foarte familiariza\u021bi cu experien\u021ba SugaNorm<\/strong><\/h2>\n\n\n\n<p>Mul\u021bi oameni au \u00eengrijor\u0103ri cu privire la dorirea unuia <strong>Sfaturi cu privire la administrarea SugaNorm<\/strong> pentru a contacta medicul curant. Aceste rezerve sunt de prisos cu un num\u0103r tot mai mare de medici generali\u0219ti \u0219i speciali\u0219ti. \u00centotdeauna mai mult <strong>Medicii se ocup\u0103 intens de avantajele preparatelor homeopate,<\/strong> SugaNorm este unul dintre ele. \u00cen multe cazuri, tratamentul cu preparate cu ingrediente pur naturale este suficient, dar acest lucru nu se aplic\u0103 fiec\u0103rui pacient. Este adesea posibil s\u0103 se reduc\u0103 doza de medicamente clasice \u0219i, astfel, \u0219i efectele secundare nedorite. Dac\u0103 discuta\u021bi aportul cu medicul de familie, pute\u021bi evita riscurile evitabile care apar, de exemplu, din efectele cumulative descrise.<\/p>\n\n\n\n<h2><strong>Ce altceva mai trebuie s\u0103 iei \u00een considerare dac\u0103 vrei s\u0103 cumperi \u0219i s\u0103 iei SugaNorm?<\/strong><\/h2>\n\n\n\n<p><strong>Nu opri\u021bi niciodat\u0103 medicamentele prescrise de un medic din proprie ini\u021biativ\u0103,<\/strong> pentru c\u0103 crezi c\u0103 SugaNorm este un \u00eenlocuitor complet! Acesta poate fi cazul, dar nu trebuie s\u0103 fie. Numai un profesionist medical poate face o evaluare exact\u0103. De\u0219i are <strong>SugaNorm efecte pozitive \u00een diabet<\/strong>, dar exist\u0103 diferite forme ale acestei boli. De multe ori necesit\u0103 o cantitate de insulin\u0103 necesar\u0103 \u0219i, dac\u0103 nu face\u021bi acest lucru, pot ap\u0103rea condi\u021bii care pun via\u021ba \u00een pericol. V\u0103 rug\u0103m s\u0103 nu v\u0103 asuma\u021bi acest risc, ci mai degrab\u0103 discuta\u021bi cu medicul dumneavoastr\u0103 de familie sau cu un internist specializat \u00een tratamentul diabetului! Pentru medicamente clasice care scad colesterolul \u0219i medicamente psihotrope <strong>C\u00e2nd lua\u021bi SugaNorm, doza este adesea redus\u0103<\/strong> posibil. Dar chiar \u0219i acest lucru poate fi evaluat doar de medicul curant pe baza dezvolt\u0103rii valorilor serologice. Dac\u0103 doza de colesterol tradi\u021bional sc\u0103zut este prea mic\u0103, exist\u0103 un risc de afectare a ficatului \u0219i de arterioscleroz\u0103, de exemplu. Cooperarea cu medicul curant este indispensabil\u0103 din alt motiv. Multe simptome se datoreaz\u0103 bolilor care necesit\u0103 tratament cauzal. Un exemplu \u00een acest sens sunt infec\u021biile de tot felul. <strong>SugaNorm aduce o contribu\u021bie important\u0103 prin \u00eent\u0103rirea general\u0103 a sistemului imunitar, dar nu poate \u00eenlocui tratamentul conven\u021bional cu antibiotice sau inhibitori de giraz\u0103.<\/strong> Via\u021ba este prea pre\u021bioas\u0103 pentru a risca \u00een acest moment.<\/p>\n\n\n<a class=\"maxbutton-1 maxbutton maxbutton-cta\" target=\"_blank\" rel=\"nofollow noopener\" href=\"\/go\/\"><span class='mb-text'>&gt;&gt; Cump\u0103ra\u021bi Suganorm<\/span><\/a>","protected":false},"excerpt":{"rendered":"<p>Utilizarea preparatelor homeopate, inclusiv SugaNorm, devine din ce \u00een ce mai popular\u0103. Nu este surprinz\u0103tor, pentru c\u0103 ea renun\u021b\u0103 complet<\/p>\n","protected":false},"author":3,"featured_media":0,"parent":0,"menu_order":0,"comment_status":"closed","ping_status":"closed","template":"","meta":[],"yoast_head":"<!-- This site is optimized with the Yoast SEO plugin v18.3 - https:\/\/yoast.com\/wordpress\/plugins\/seo\/ -->\n<title>Cum v\u0103 pute\u021bi promova s\u0103n\u0103tatea cu SugaNorm?<\/title>\n<meta name=\"description\" content=\"SugaNorm este un supliment alimentar cu efecte homeopate complexe. V\u0103 explic\u0103m ce fac exact ingredientele individuale.\" \/>\n<meta name=\"robots\" content=\"index, follow, max-snippet:-1, max-image-preview:large, max-video-preview:-1\" \/>\n<link rel=\"canonical\" href=\"https:\/\/www.suganorm24.info\/ro\/\" \/>\n<meta property=\"og:locale\" content=\"ro_RO\" \/>\n<meta property=\"og:type\" content=\"article\" \/>\n<meta property=\"og:title\" content=\"Cum v\u0103 pute\u021bi promova s\u0103n\u0103tatea cu SugaNorm?\" \/>\n<meta property=\"og:description\" content=\"SugaNorm este un supliment alimentar cu efecte homeopate complexe. V\u0103 explic\u0103m ce fac exact ingredientele individuale.\" \/>\n<meta property=\"og:url\" content=\"https:\/\/www.suganorm24.info\/ro\/\" \/>\n<meta property=\"og:site_name\" content=\"SugaNorm\" \/>\n<meta property=\"article:modified_time\" content=\"2020-12-04T14:22:03+00:00\" \/>\n<meta name=\"twitter:card\" content=\"summary\" \/>\n<meta name=\"twitter:label1\" content=\"Timp estimat pentru citire\" \/>\n\t<meta name=\"twitter:data1\" content=\"12 minute\" \/>\n<script type=\"application\/ld+json\" class=\"yoast-schema-graph\">{\"@context\":\"https:\/\/schema.org\",\"@graph\":[{\"@type\":\"WebSite\",\"@id\":\"https:\/\/www.suganorm24.info\/#website\",\"url\":\"https:\/\/www.suganorm24.info\/\",\"name\":\"SugaNorm\",\"description\":\"\",\"potentialAction\":[{\"@type\":\"SearchAction\",\"target\":{\"@type\":\"EntryPoint\",\"urlTemplate\":\"https:\/\/www.suganorm24.info\/?s={search_term_string}\"},\"query-input\":\"required name=search_term_string\"}],\"inLanguage\":\"ro-RO\"},{\"@type\":\"WebPage\",\"@id\":\"https:\/\/www.suganorm24.info\/ro\/#webpage\",\"url\":\"https:\/\/www.suganorm24.info\/ro\/\",\"name\":\"Cum v\u0103 pute\u021bi promova s\u0103n\u0103tatea cu SugaNorm?\",\"isPartOf\":{\"@id\":\"https:\/\/www.suganorm24.info\/#website\"},\"datePublished\":\"2020-11-12T14:54:52+00:00\",\"dateModified\":\"2020-12-04T14:22:03+00:00\",\"description\":\"SugaNorm este un supliment alimentar cu efecte homeopate complexe. V\u0103 explic\u0103m ce fac exact ingredientele individuale.\",\"breadcrumb\":{\"@id\":\"https:\/\/www.suganorm24.info\/ro\/#breadcrumb\"},\"inLanguage\":\"ro-RO\",\"potentialAction\":[{\"@type\":\"ReadAction\",\"target\":[\"https:\/\/www.suganorm24.info\/ro\/\"]}]},{\"@type\":\"BreadcrumbList\",\"@id\":\"https:\/\/www.suganorm24.info\/ro\/#breadcrumb\",\"itemListElement\":[{\"@type\":\"ListItem\",\"position\":1,\"name\":\"Startseite\",\"item\":\"https:\/\/www.suganorm24.info\/ro\/\"},{\"@type\":\"ListItem\",\"position\":2,\"name\":\"Cum v\u0103 pute\u021bi promova s\u0103n\u0103tatea cu SugaNorm?\"}]}]}<\/script>\n<!-- \/ Yoast SEO plugin. -->","yoast_head_json":{"title":"Cum v\u0103 pute\u021bi promova s\u0103n\u0103tatea cu SugaNorm?","description":"SugaNorm este un supliment alimentar cu efecte homeopate complexe. V\u0103 explic\u0103m ce fac exact ingredientele individuale.","robots":{"index":"index","follow":"follow","max-snippet":"max-snippet:-1","max-image-preview":"max-image-preview:large","max-video-preview":"max-video-preview:-1"},"canonical":"https:\/\/www.suganorm24.info\/ro\/","og_locale":"ro_RO","og_type":"article","og_title":"Cum v\u0103 pute\u021bi promova s\u0103n\u0103tatea cu SugaNorm?","og_description":"SugaNorm este un supliment alimentar cu efecte homeopate complexe. V\u0103 explic\u0103m ce fac exact ingredientele individuale.","og_url":"https:\/\/www.suganorm24.info\/ro\/","og_site_name":"SugaNorm","article_modified_time":"2020-12-04T14:22:03+00:00","twitter_card":"summary","twitter_misc":{"Timp estimat pentru citire":"12 minute"},"schema":{"@context":"https:\/\/schema.org","@graph":[{"@type":"WebSite","@id":"https:\/\/www.suganorm24.info\/#website","url":"https:\/\/www.suganorm24.info\/","name":"SugaNorm","description":"","potentialAction":[{"@type":"SearchAction","target":{"@type":"EntryPoint","urlTemplate":"https:\/\/www.suganorm24.info\/?s={search_term_string}"},"query-input":"required name=search_term_string"}],"inLanguage":"ro-RO"},{"@type":"WebPage","@id":"https:\/\/www.suganorm24.info\/ro\/#webpage","url":"https:\/\/www.suganorm24.info\/ro\/","name":"Cum v\u0103 pute\u021bi promova s\u0103n\u0103tatea cu SugaNorm?","isPartOf":{"@id":"https:\/\/www.suganorm24.info\/#website"},"datePublished":"2020-11-12T14:54:52+00:00","dateModified":"2020-12-04T14:22:03+00:00","description":"SugaNorm este un supliment alimentar cu efecte homeopate complexe. V\u0103 explic\u0103m ce fac exact ingredientele individuale.","breadcrumb":{"@id":"https:\/\/www.suganorm24.info\/ro\/#breadcrumb"},"inLanguage":"ro-RO","potentialAction":[{"@type":"ReadAction","target":["https:\/\/www.suganorm24.info\/ro\/"]}]},{"@type":"BreadcrumbList","@id":"https:\/\/www.suganorm24.info\/ro\/#breadcrumb","itemListElement":[{"@type":"ListItem","position":1,"name":"Startseite","item":"https:\/\/www.suganorm24.info\/ro\/"},{"@type":"ListItem","position":2,"name":"Cum v\u0103 pute\u021bi promova s\u0103n\u0103tatea cu SugaNorm?"}]}]}},"_links":{"self":[{"href":"https:\/\/www.suganorm24.info\/ro\/wp-json\/wp\/v2\/pages\/153"}],"collection":[{"href":"https:\/\/www.suganorm24.info\/ro\/wp-json\/wp\/v2\/pages"}],"about":[{"href":"https:\/\/www.suganorm24.info\/ro\/wp-json\/wp\/v2\/types\/page"}],"author":[{"embeddable":true,"href":"https:\/\/www.suganorm24.info\/ro\/wp-json\/wp\/v2\/users\/3"}],"replies":[{"embeddable":true,"href":"https:\/\/www.suganorm24.info\/ro\/wp-json\/wp\/v2\/comments?post=153"}],"version-history":[{"count":3,"href":"https:\/\/www.suganorm24.info\/ro\/wp-json\/wp\/v2\/pages\/153\/revisions"}],"predecessor-version":[{"id":175,"href":"https:\/\/www.suganorm24.info\/ro\/wp-json\/wp\/v2\/pages\/153\/revisions\/175"}],"wp:attachment":[{"href":"https:\/\/www.suganorm24.info\/ro\/wp-json\/wp\/v2\/media?parent=153"}],"curies":[{"name":"wp","href":"https:\/\/api.w.org\/{rel}","templated":true}]}}